{"id":323,"date":"2024-07-24T14:39:47","date_gmt":"2024-07-24T14:39:47","guid":{"rendered":"https:\/\/farmaciazarcorios.es\/?page_id=323"},"modified":"2024-09-10T11:06:18","modified_gmt":"2024-09-10T09:06:18","slug":"optica","status":"publish","type":"page","link":"https:\/\/farmaciazarcorios.es\/en\/optica","title":{"rendered":"\u00d3ptica"},"content":{"rendered":"\t\t<div data-elementor-type=\"wp-page\" data-elementor-id=\"323\" class=\"elementor elementor-323\" data-elementor-post-type=\"page\">\n\t\t\t\t\t\t<section class=\"elementor-section elementor-top-section elementor-element elementor-element-45e6c5f4 elementor-section-stretched elementor-section-height-min-height elementor-section-boxed elementor-section-height-default elementor-section-items-middle\" data-id=\"45e6c5f4\" data-element_type=\"section\" data-e-type=\"section\" data-settings=\"{&quot;stretch_section&quot;:&quot;section-stretched&quot;,&quot;background_background&quot;:&quot;classic&quot;}\">\n\t\t\t\t\t\t\t<div class=\"elementor-background-overlay\"><\/div>\n\t\t\t\t\t\t\t<div class=\"elementor-container elementor-column-gap-default\">\n\t\t\t\t\t<div class=\"elementor-column elementor-col-100 elementor-top-column elementor-element elementor-element-6a65e087\" data-id=\"6a65e087\" data-element_type=\"column\" data-e-type=\"column\">\n\t\t\t<div class=\"elementor-widget-wrap elementor-element-populated\">\n\t\t\t\t\t\t<div class=\"elementor-element elementor-element-1f517914 elementor-widget elementor-widget-heading\" data-id=\"1f517914\" data-element_type=\"widget\" data-e-type=\"widget\" data-settings=\"{&quot;_animation&quot;:&quot;none&quot;}\" data-widget_type=\"heading.default\">\n\t\t\t\t<div class=\"elementor-widget-container\">\n\t\t\t\t\t<h1 class=\"elementor-heading-title elementor-size-default\">\u00d3ptica<\/h1>\t\t\t\t<\/div>\n\t\t\t\t<\/div>\n\t\t\t\t\t<\/div>\n\t\t<\/div>\n\t\t\t\t\t<\/div>\n\t\t<\/section>\n\t\t\t\t<section class=\"elementor-section elementor-top-section elementor-element elementor-element-352b26f0 elementor-section-stretched elementor-section-full_width elementor-section-height-default elementor-section-height-default\" data-id=\"352b26f0\" data-element_type=\"section\" data-e-type=\"section\" data-settings=\"{&quot;stretch_section&quot;:&quot;section-stretched&quot;,&quot;background_background&quot;:&quot;classic&quot;}\">\n\t\t\t\t\t\t\t<div class=\"elementor-background-overlay\"><\/div>\n\t\t\t\t\t\t\t<div class=\"elementor-container elementor-column-gap-default\">\n\t\t\t\t\t<div class=\"elementor-column elementor-col-50 elementor-top-column elementor-element elementor-element-163201f8\" data-id=\"163201f8\" data-element_type=\"column\" data-e-type=\"column\">\n\t\t\t<div class=\"elementor-widget-wrap elementor-element-populated\">\n\t\t\t\t\t\t<div class=\"elementor-element elementor-element-3d7394aa elementor-widget elementor-widget-heading\" data-id=\"3d7394aa\" data-element_type=\"widget\" data-e-type=\"widget\" data-settings=\"{&quot;_animation&quot;:&quot;none&quot;}\" data-widget_type=\"heading.default\">\n\t\t\t\t<div class=\"elementor-widget-container\">\n\t\t\t\t\t<h2 class=\"elementor-heading-title elementor-size-default\">Servicio de <b>\u00f3ptica<\/b><\/h2>\t\t\t\t<\/div>\n\t\t\t\t<\/div>\n\t\t\t\t<div class=\"elementor-element elementor-element-4d559b5 elementor-widget elementor-widget-breadcrumbs\" data-id=\"4d559b5\" data-element_type=\"widget\" data-e-type=\"widget\" data-widget_type=\"breadcrumbs.default\">\n\t\t\t\t<div class=\"elementor-widget-container\">\n\t\t\t\t\t<p id=\"breadcrumbs\"><span><span><a href=\"https:\/\/farmaciazarcorios.es\/\">Inicio<\/a><\/span><\/span><\/p>\t\t\t\t<\/div>\n\t\t\t\t<\/div>\n\t\t\t\t<div class=\"elementor-element elementor-element-56173501 elementor-widget elementor-widget-text-editor\" data-id=\"56173501\" data-element_type=\"widget\" data-e-type=\"widget\" data-settings=\"{&quot;_animation&quot;:&quot;none&quot;}\" data-widget_type=\"text-editor.default\">\n\t\t\t\t<div class=\"elementor-widget-container\">\n\t\t\t\t\t\t\t\t\t<p>En la Farmacia Zarco Rios disponemos de <strong>servicio de \u00f3ptica donde podr\u00e1s encontrar cualquier gafa graduada de presbicia<\/strong> en numerosos modelos, gafas bifocales, etc.<\/p><p>Adem\u00e1s tenemos una<strong> gama amplia de gafas de sol<\/strong>, para que protejas tus ojos evitando da\u00f1os producidos por el sol.<\/p><p>Finalmente tenemos<strong> l\u00edquidos de cuidado de lentillas<\/strong> de las mejores marcas.<\/p><p>Para cualquier duda o consulta a nuestros <strong>farmac\u00e9uticos especialistas en \u00f3ptica<\/strong> cons\u00faltanos.<\/p>\t\t\t\t\t\t\t\t<\/div>\n\t\t\t\t<\/div>\n\t\t\t\t\t<\/div>\n\t\t<\/div>\n\t\t\t\t<div class=\"elementor-column elementor-col-50 elementor-top-column elementor-element elementor-element-3fc7baae\" data-id=\"3fc7baae\" data-element_type=\"column\" data-e-type=\"column\">\n\t\t\t<div class=\"elementor-widget-wrap elementor-element-populated\">\n\t\t\t\t\t\t<div class=\"elementor-element elementor-element-12d79c9d elementor-widget elementor-widget-heading\" data-id=\"12d79c9d\" data-element_type=\"widget\" data-e-type=\"widget\" data-settings=\"{&quot;_animation&quot;:&quot;none&quot;}\" data-widget_type=\"heading.default\">\n\t\t\t\t<div class=\"elementor-widget-container\">\n\t\t\t\t\t<p class=\"elementor-heading-title elementor-size-default\">\u00bfTienes alguna consulta? <b>Escr\u00edbenos<\/b><\/p>\t\t\t\t<\/div>\n\t\t\t\t<\/div>\n\t\t\t\t<div class=\"elementor-element elementor-element-a3af06f elementor-button-align-start elementor-widget elementor-widget-form\" data-id=\"a3af06f\" data-element_type=\"widget\" data-e-type=\"widget\" data-settings=\"{&quot;step_next_label&quot;:&quot;Siguiente &quot;,&quot;step_previous_label&quot;:&quot;Anterior&quot;,&quot;button_width_tablet&quot;:&quot;100&quot;,&quot;button_width&quot;:&quot;100&quot;,&quot;step_type&quot;:&quot;number_text&quot;,&quot;step_icon_shape&quot;:&quot;circle&quot;}\" data-widget_type=\"form.default\">\n\t\t\t\t<div class=\"elementor-widget-container\">\n\t\t\t\t\t\t\t<form class=\"elementor-form\" method=\"post\" name=\"Contact Form\" aria-label=\"Contact Form\" novalidate=\"\">\n\t\t\t<input type=\"hidden\" name=\"post_id\" value=\"323\"\/>\n\t\t\t<input type=\"hidden\" name=\"form_id\" value=\"a3af06f\"\/>\n\t\t\t<input type=\"hidden\" name=\"referer_title\" value=\"Servicio de \u00f3ptica - Farmacia Zarco R\u00edos\" \/>\n\n\t\t\t\t\t\t\t<input type=\"hidden\" name=\"queried_id\" value=\"323\"\/>\n\t\t\t\n\t\t\t<div class=\"elementor-form-fields-wrapper elementor-labels-\">\n\t\t\t\t\t\t\t\t<div class=\"elementor-field-type-text elementor-field-group elementor-column elementor-field-group-name elementor-col-100\">\n\t\t\t\t\t\t\t\t\t\t\t\t<label for=\"form-field-name\" class=\"elementor-field-label elementor-screen-only\">\n\t\t\t\t\t\t\t\tNombre \t\t\t\t\t\t\t<\/label>\n\t\t\t\t\t\t\t\t\t\t\t\t\t\t<input size=\"1\" type=\"text\" name=\"form_fields[name]\" id=\"form-field-name\" class=\"elementor-field elementor-size-sm  elementor-field-textual\" placeholder=\"Nombre \">\n\t\t\t\t\t\t\t\t\t\t\t<\/div>\n\t\t\t\t\t\t\t\t<div class=\"elementor-field-type-email elementor-field-group elementor-column elementor-field-group-email elementor-col-100 elementor-md-50 elementor-field-required\">\n\t\t\t\t\t\t\t\t\t\t\t\t<label for=\"form-field-email\" class=\"elementor-field-label elementor-screen-only\">\n\t\t\t\t\t\t\t\tEmail\t\t\t\t\t\t\t<\/label>\n\t\t\t\t\t\t\t\t\t\t\t\t\t\t<input size=\"1\" type=\"email\" name=\"form_fields[email]\" id=\"form-field-email\" class=\"elementor-field elementor-size-sm  elementor-field-textual\" placeholder=\"Email\" required=\"required\">\n\t\t\t\t\t\t\t\t\t\t\t<\/div>\n\t\t\t\t\t\t\t\t<div class=\"elementor-field-type-tel elementor-field-group elementor-column elementor-field-group-field_5057311 elementor-col-100 elementor-md-50\">\n\t\t\t\t\t\t\t\t\t\t\t\t<label for=\"form-field-field_5057311\" class=\"elementor-field-label elementor-screen-only\">\n\t\t\t\t\t\t\t\tTel\u00e9fono\t\t\t\t\t\t\t<\/label>\n\t\t\t\t\t\t\t\t<input size=\"1\" type=\"tel\" name=\"form_fields[field_5057311]\" id=\"form-field-field_5057311\" class=\"elementor-field elementor-size-sm  elementor-field-textual\" placeholder=\"Tel\u00e9fono\" pattern=\"[0-9()#&amp;+*-=.]+\" title=\"Solo se aceptan n\u00fameros y caracteres de tel\u00e9fono (#,-,*,etc).\">\n\n\t\t\t\t\t\t<\/div>\n\t\t\t\t\t\t\t\t<div class=\"elementor-field-type-textarea elementor-field-group elementor-column elementor-field-group-field_268804d elementor-col-100 elementor-md-100 elementor-field-required\">\n\t\t\t\t\t\t\t\t\t\t\t\t<label for=\"form-field-field_268804d\" class=\"elementor-field-label elementor-screen-only\">\n\t\t\t\t\t\t\t\tConsulta\t\t\t\t\t\t\t<\/label>\n\t\t\t\t\t\t<textarea class=\"elementor-field-textual elementor-field  elementor-size-sm\" name=\"form_fields[field_268804d]\" id=\"form-field-field_268804d\" rows=\"4\" placeholder=\"Consulta\" required=\"required\"><\/textarea>\t\t\t\t<\/div>\n\t\t\t\t\t\t\t\t<div class=\"elementor-field-type-html elementor-field-group elementor-column elementor-field-group-field_4c7ae83 elementor-col-100\">\n\t\t\t\t\t<FONT SIZE=1>Protecci\u00f3n de datos personales: <\/font>\n<FONT SIZE=1> Utilizaremos sus datos para responder consultas y realizar an\u00e1lisis estad\u00edsticos. Para m\u00e1s informaci\u00f3n sobre el tratamiento y sus derechos, consulte la pol\u00edtica de privacidad.<\/font>\t\t\t\t<\/div>\n\t\t\t\t\t\t\t\t<div class=\"elementor-field-type-acceptance elementor-field-group elementor-column elementor-field-group-field_97d52b4 elementor-col-100 elementor-field-required\">\n\t\t\t\t\t\t\t<div class=\"elementor-field-subgroup\">\n\t\t\t<span class=\"elementor-field-option\">\n\t\t\t\t<input type=\"checkbox\" name=\"form_fields[field_97d52b4]\" id=\"form-field-field_97d52b4\" class=\"elementor-field elementor-size-sm  elementor-acceptance-field\" required=\"required\">\n\t\t\t\t<label for=\"form-field-field_97d52b4\">He le\u00eddo y acepto la <a href=https:\/\/farmaciazarcorios.es\/politica-de-privacidad  style=\"color:#97c21e;\">Pol\u00edtica de privacidad<\/a> <\/label>\t\t\t<\/span>\n\t\t<\/div>\n\t\t\t\t\t\t<\/div>\n\t\t\t\t\t\t\t\t<div class=\"elementor-field-group elementor-column elementor-field-type-submit elementor-col-100 e-form__buttons elementor-md-100\">\n\t\t\t\t\t<button class=\"elementor-button elementor-size-md\" type=\"submit\">\n\t\t\t\t\t\t<span class=\"elementor-button-content-wrapper\">\n\t\t\t\t\t\t\t\t\t\t\t\t\t\t\t\t\t\t\t\t\t\t<span class=\"elementor-button-text\">Enviar<\/span>\n\t\t\t\t\t\t\t\t\t\t\t\t\t<\/span>\n\t\t\t\t\t<\/button>\n\t\t\t\t<\/div>\n\t\t\t<\/div>\n\t\t<\/form>\n\t\t\t\t\t\t<\/div>\n\t\t\t\t<\/div>\n\t\t\t\t\t<\/div>\n\t\t<\/div>\n\t\t\t\t\t<\/div>\n\t\t<\/section>\n\t\t<div class=\"elementor-element elementor-element-35c00e5b e-flex e-con-boxed e-con e-parent\" data-id=\"35c00e5b\" data-element_type=\"container\" data-e-type=\"container\" data-settings=\"{&quot;background_background&quot;:&quot;classic&quot;}\">\n\t\t\t\t\t<div class=\"e-con-inner\">\n\t\t<div class=\"elementor-element elementor-element-47e67e7a e-con-full e-flex e-con e-child\" data-id=\"47e67e7a\" data-element_type=\"container\" data-e-type=\"container\">\n\t\t\t\t<div class=\"elementor-element elementor-element-3352b4f5 elementor-widget elementor-widget-heading\" data-id=\"3352b4f5\" data-element_type=\"widget\" data-e-type=\"widget\" data-settings=\"{&quot;_animation&quot;:&quot;none&quot;}\" data-widget_type=\"heading.default\">\n\t\t\t\t<div class=\"elementor-widget-container\">\n\t\t\t\t\t<p class=\"elementor-heading-title elementor-size-default\">Realiza tu pedido c\u00f3modamente<\/p>\t\t\t\t<\/div>\n\t\t\t\t<\/div>\n\t\t\t\t<div class=\"elementor-element elementor-element-acbeae8 elementor-widget elementor-widget-heading\" data-id=\"acbeae8\" data-element_type=\"widget\" data-e-type=\"widget\" data-settings=\"{&quot;_animation&quot;:&quot;none&quot;}\" data-widget_type=\"heading.default\">\n\t\t\t\t<div class=\"elementor-widget-container\">\n\t\t\t\t\t<p class=\"elementor-heading-title elementor-size-default\">sin esperas y sin colas<\/p>\t\t\t\t<\/div>\n\t\t\t\t<\/div>\n\t\t\t\t<div class=\"elementor-element elementor-element-1d128ed1 elementor-widget elementor-widget-heading\" data-id=\"1d128ed1\" data-element_type=\"widget\" data-e-type=\"widget\" data-settings=\"{&quot;_animation&quot;:&quot;none&quot;}\" data-widget_type=\"heading.default\">\n\t\t\t\t<div class=\"elementor-widget-container\">\n\t\t\t\t\t<p class=\"elementor-heading-title elementor-size-default\">Haz tu pedido de forma sencilla <b>por tel\u00e9fono o a trav\u00e9s de formulario<\/b> y rec\u00f3gelo en nuestra farmacia o te lo enviamos a casa<\/p>\t\t\t\t<\/div>\n\t\t\t\t<\/div>\n\t\t\t\t<\/div>\n\t\t<div class=\"elementor-element elementor-element-4ee0142c e-con-full e-flex e-con e-child\" data-id=\"4ee0142c\" data-element_type=\"container\" data-e-type=\"container\">\n\t\t\t\t<div class=\"elementor-element elementor-element-66919ffe elementor-align-center elementor-widget__width-auto elementor-widget elementor-widget-button\" data-id=\"66919ffe\" data-element_type=\"widget\" data-e-type=\"widget\" data-widget_type=\"button.default\">\n\t\t\t\t<div class=\"elementor-widget-container\">\n\t\t\t\t\t\t\t\t\t<div class=\"elementor-button-wrapper\">\n\t\t\t\t\t<a class=\"elementor-button elementor-button-link elementor-size-sm\" href=\"https:\/\/farmaciazarcorios.es\/farmacia-expres-granada\">\n\t\t\t\t\t\t<span class=\"elementor-button-content-wrapper\">\n\t\t\t\t\t\t<span class=\"elementor-button-icon\">\n\t\t\t\t\t\t\t<\/span>\n\t\t\t\t\t\t\t\t\t<span class=\"elementor-button-text\">Hacer pedido expr\u00e9s<\/span>\n\t\t\t\t\t<\/span>\n\t\t\t\t\t<\/a>\n\t\t\t\t<\/div>\n\t\t\t\t\t\t\t\t<\/div>\n\t\t\t\t<\/div>\n\t\t\t\t<\/div>\n\t\t\t\t\t<\/div>\n\t\t\t\t<\/div>\n\t\t\t\t<\/div>\n\t\t","protected":false},"excerpt":{"rendered":"<p>\u00d3ptica Servicio de \u00f3ptica En la Farmacia Zarco Rios disponemos de servicio de \u00f3ptica donde podr\u00e1s encontrar cualquier gafa graduada de presbicia en numerosos modelos, gafas bifocales, etc. Adem\u00e1s tenemos [&hellip;]<\/p>\n","protected":false},"author":1,"featured_media":0,"parent":0,"menu_order":0,"comment_status":"closed","ping_status":"closed","template":"elementor_header_footer","meta":{"footnotes":""},"class_list":["post-323","page","type-page","status-publish","hentry"],"yoast_head":"<!-- This site is optimized with the Yoast SEO plugin v27.3 - https:\/\/yoast.com\/product\/yoast-seo-wordpress\/ -->\n<title>Servicio de \u00f3ptica - Farmacia Zarco R\u00edos<\/title>\n<meta name=\"description\" content=\"En la Farmacia Zarco R\u00edos disponemos de servicio de \u00f3ptica donde podr\u00e1s encontrar cualquier gafa graduada de presbicia en numerosos modelo\" \/>\n<meta name=\"robots\" content=\"index, follow, max-snippet:-1, max-image-preview:large, max-video-preview:-1\" \/>\n<link rel=\"canonical\" href=\"https:\/\/farmaciazarcorios.es\/en\/optica\/\" \/>\n<meta property=\"og:locale\" content=\"en_GB\" \/>\n<meta property=\"og:type\" content=\"article\" \/>\n<meta property=\"og:title\" content=\"Servicio de \u00f3ptica - Farmacia Zarco R\u00edos\" \/>\n<meta property=\"og:description\" content=\"En la Farmacia Zarco R\u00edos disponemos de servicio de \u00f3ptica donde podr\u00e1s encontrar cualquier gafa graduada de presbicia en numerosos modelo\" \/>\n<meta property=\"og:url\" content=\"https:\/\/farmaciazarcorios.es\/en\/optica\/\" \/>\n<meta property=\"og:site_name\" content=\"Farmacia Zarco Rios\" \/>\n<meta property=\"article:modified_time\" content=\"2024-09-10T09:06:18+00:00\" \/>\n<meta name=\"twitter:card\" content=\"summary_large_image\" \/>\n<meta name=\"twitter:title\" content=\"Servicio de \u00f3ptica - Farmacia Zarco R\u00edos\" \/>\n<meta name=\"twitter:description\" content=\"En la Farmacia Zarco R\u00edos disponemos de servicio de \u00f3ptica donde podr\u00e1s encontrar cualquier gafa graduada de presbicia en numerosos modelo\" \/>\n<meta name=\"twitter:label1\" content=\"Estimated reading time\" \/>\n\t<meta name=\"twitter:data1\" content=\"1 minute\" \/>\n<script type=\"application\/ld+json\" class=\"yoast-schema-graph\">{\"@context\":\"https:\\\/\\\/schema.org\",\"@graph\":[{\"@type\":\"WebPage\",\"@id\":\"https:\\\/\\\/farmaciazarcorios.es\\\/optica\",\"url\":\"https:\\\/\\\/farmaciazarcorios.es\\\/optica\",\"name\":\"Servicio de \u00f3ptica - Farmacia Zarco R\u00edos\",\"isPartOf\":{\"@id\":\"https:\\\/\\\/farmaciazarcorios.es\\\/#website\"},\"datePublished\":\"2024-07-24T14:39:47+00:00\",\"dateModified\":\"2024-09-10T09:06:18+00:00\",\"description\":\"En la Farmacia Zarco R\u00edos disponemos de servicio de \u00f3ptica donde podr\u00e1s encontrar cualquier gafa graduada de presbicia en numerosos modelo\",\"breadcrumb\":{\"@id\":\"https:\\\/\\\/farmaciazarcorios.es\\\/optica#breadcrumb\"},\"inLanguage\":\"en-GB\",\"potentialAction\":[{\"@type\":\"ReadAction\",\"target\":[\"https:\\\/\\\/farmaciazarcorios.es\\\/optica\"]}]},{\"@type\":\"BreadcrumbList\",\"@id\":\"https:\\\/\\\/farmaciazarcorios.es\\\/optica#breadcrumb\",\"itemListElement\":[{\"@type\":\"ListItem\",\"position\":1,\"name\":\"Inicio\",\"item\":\"https:\\\/\\\/farmaciazarcorios.es\\\/\"},{\"@type\":\"ListItem\",\"position\":2,\"name\":\"\u00d3ptica\"}]},{\"@type\":\"WebSite\",\"@id\":\"https:\\\/\\\/farmaciazarcorios.es\\\/#website\",\"url\":\"https:\\\/\\\/farmaciazarcorios.es\\\/\",\"name\":\"Farmacia Zarco Rios\",\"description\":\"Farmacia en el centro de Granada\",\"publisher\":{\"@id\":\"https:\\\/\\\/farmaciazarcorios.es\\\/#organization\"},\"potentialAction\":[{\"@type\":\"SearchAction\",\"target\":{\"@type\":\"EntryPoint\",\"urlTemplate\":\"https:\\\/\\\/farmaciazarcorios.es\\\/?s={search_term_string}\"},\"query-input\":{\"@type\":\"PropertyValueSpecification\",\"valueRequired\":true,\"valueName\":\"search_term_string\"}}],\"inLanguage\":\"en-GB\"},{\"@type\":\"Organization\",\"@id\":\"https:\\\/\\\/farmaciazarcorios.es\\\/#organization\",\"name\":\"Farmacia Zarco Rios\",\"url\":\"https:\\\/\\\/farmaciazarcorios.es\\\/\",\"logo\":{\"@type\":\"ImageObject\",\"inLanguage\":\"en-GB\",\"@id\":\"https:\\\/\\\/farmaciazarcorios.es\\\/#\\\/schema\\\/logo\\\/image\\\/\",\"url\":\"https:\\\/\\\/farmaciazarcorios.es\\\/wp-content\\\/uploads\\\/2024\\\/07\\\/01.-LOGOTIPO-COMPLETO-_fondo-transparente.png\",\"contentUrl\":\"https:\\\/\\\/farmaciazarcorios.es\\\/wp-content\\\/uploads\\\/2024\\\/07\\\/01.-LOGOTIPO-COMPLETO-_fondo-transparente.png\",\"width\":428,\"height\":492,\"caption\":\"Farmacia Zarco Rios\"},\"image\":{\"@id\":\"https:\\\/\\\/farmaciazarcorios.es\\\/#\\\/schema\\\/logo\\\/image\\\/\"}}]}<\/script>\n<!-- \/ Yoast SEO plugin. -->","yoast_head_json":{"title":"Servicio de \u00f3ptica - Farmacia Zarco R\u00edos","description":"En la Farmacia Zarco R\u00edos disponemos de servicio de \u00f3ptica donde podr\u00e1s encontrar cualquier gafa graduada de presbicia en numerosos modelo","robots":{"index":"index","follow":"follow","max-snippet":"max-snippet:-1","max-image-preview":"max-image-preview:large","max-video-preview":"max-video-preview:-1"},"canonical":"https:\/\/farmaciazarcorios.es\/en\/optica\/","og_locale":"en_GB","og_type":"article","og_title":"Servicio de \u00f3ptica - Farmacia Zarco R\u00edos","og_description":"En la Farmacia Zarco R\u00edos disponemos de servicio de \u00f3ptica donde podr\u00e1s encontrar cualquier gafa graduada de presbicia en numerosos modelo","og_url":"https:\/\/farmaciazarcorios.es\/en\/optica\/","og_site_name":"Farmacia Zarco Rios","article_modified_time":"2024-09-10T09:06:18+00:00","twitter_card":"summary_large_image","twitter_title":"Servicio de \u00f3ptica - Farmacia Zarco R\u00edos","twitter_description":"En la Farmacia Zarco R\u00edos disponemos de servicio de \u00f3ptica donde podr\u00e1s encontrar cualquier gafa graduada de presbicia en numerosos modelo","twitter_misc":{"Estimated reading time":"1 minute"},"schema":{"@context":"https:\/\/schema.org","@graph":[{"@type":"WebPage","@id":"https:\/\/farmaciazarcorios.es\/optica","url":"https:\/\/farmaciazarcorios.es\/optica","name":"Servicio de \u00f3ptica - Farmacia Zarco R\u00edos","isPartOf":{"@id":"https:\/\/farmaciazarcorios.es\/#website"},"datePublished":"2024-07-24T14:39:47+00:00","dateModified":"2024-09-10T09:06:18+00:00","description":"En la Farmacia Zarco R\u00edos disponemos de servicio de \u00f3ptica donde podr\u00e1s encontrar cualquier gafa graduada de presbicia en numerosos modelo","breadcrumb":{"@id":"https:\/\/farmaciazarcorios.es\/optica#breadcrumb"},"inLanguage":"en-GB","potentialAction":[{"@type":"ReadAction","target":["https:\/\/farmaciazarcorios.es\/optica"]}]},{"@type":"BreadcrumbList","@id":"https:\/\/farmaciazarcorios.es\/optica#breadcrumb","itemListElement":[{"@type":"ListItem","position":1,"name":"Inicio","item":"https:\/\/farmaciazarcorios.es\/"},{"@type":"ListItem","position":2,"name":"\u00d3ptica"}]},{"@type":"WebSite","@id":"https:\/\/farmaciazarcorios.es\/#website","url":"https:\/\/farmaciazarcorios.es\/","name":"Farmacia Zarco Rios","description":"Farmacia en el centro de Granada","publisher":{"@id":"https:\/\/farmaciazarcorios.es\/#organization"},"potentialAction":[{"@type":"SearchAction","target":{"@type":"EntryPoint","urlTemplate":"https:\/\/farmaciazarcorios.es\/?s={search_term_string}"},"query-input":{"@type":"PropertyValueSpecification","valueRequired":true,"valueName":"search_term_string"}}],"inLanguage":"en-GB"},{"@type":"Organization","@id":"https:\/\/farmaciazarcorios.es\/#organization","name":"Farmacia Zarco Rios","url":"https:\/\/farmaciazarcorios.es\/","logo":{"@type":"ImageObject","inLanguage":"en-GB","@id":"https:\/\/farmaciazarcorios.es\/#\/schema\/logo\/image\/","url":"https:\/\/farmaciazarcorios.es\/wp-content\/uploads\/2024\/07\/01.-LOGOTIPO-COMPLETO-_fondo-transparente.png","contentUrl":"https:\/\/farmaciazarcorios.es\/wp-content\/uploads\/2024\/07\/01.-LOGOTIPO-COMPLETO-_fondo-transparente.png","width":428,"height":492,"caption":"Farmacia Zarco Rios"},"image":{"@id":"https:\/\/farmaciazarcorios.es\/#\/schema\/logo\/image\/"}}]}},"_links":{"self":[{"href":"https:\/\/farmaciazarcorios.es\/en\/wp-json\/wp\/v2\/pages\/323","targetHints":{"allow":["GET"]}}],"collection":[{"href":"https:\/\/farmaciazarcorios.es\/en\/wp-json\/wp\/v2\/pages"}],"about":[{"href":"https:\/\/farmaciazarcorios.es\/en\/wp-json\/wp\/v2\/types\/page"}],"author":[{"embeddable":true,"href":"https:\/\/farmaciazarcorios.es\/en\/wp-json\/wp\/v2\/users\/1"}],"replies":[{"embeddable":true,"href":"https:\/\/farmaciazarcorios.es\/en\/wp-json\/wp\/v2\/comments?post=323"}],"version-history":[{"count":22,"href":"https:\/\/farmaciazarcorios.es\/en\/wp-json\/wp\/v2\/pages\/323\/revisions"}],"predecessor-version":[{"id":1361,"href":"https:\/\/farmaciazarcorios.es\/en\/wp-json\/wp\/v2\/pages\/323\/revisions\/1361"}],"wp:attachment":[{"href":"https:\/\/farmaciazarcorios.es\/en\/wp-json\/wp\/v2\/media?parent=323"}],"curies":[{"name":"wp","href":"https:\/\/api.w.org\/{rel}","templated":true}]}}