{"id":176,"date":"2024-07-22T14:38:45","date_gmt":"2024-07-22T14:38:45","guid":{"rendered":"https:\/\/farmaciazarcorios.es\/?page_id=176"},"modified":"2024-09-10T11:10:13","modified_gmt":"2024-09-10T09:10:13","slug":"test-trigliceridos","status":"publish","type":"page","link":"https:\/\/farmaciazarcorios.es\/en\/test-trigliceridos","title":{"rendered":"Test de triglic\u00e9ridos"},"content":{"rendered":"\t\t<div data-elementor-type=\"wp-page\" data-elementor-id=\"176\" class=\"elementor elementor-176\" data-elementor-post-type=\"page\">\n\t\t\t\t\t\t<section class=\"elementor-section elementor-top-section elementor-element elementor-element-1feeac2c elementor-section-stretched elementor-section-height-min-height elementor-section-boxed elementor-section-height-default elementor-section-items-middle\" data-id=\"1feeac2c\" data-element_type=\"section\" data-e-type=\"section\" data-settings=\"{&quot;stretch_section&quot;:&quot;section-stretched&quot;,&quot;background_background&quot;:&quot;classic&quot;}\">\n\t\t\t\t\t\t\t<div class=\"elementor-background-overlay\"><\/div>\n\t\t\t\t\t\t\t<div class=\"elementor-container elementor-column-gap-default\">\n\t\t\t\t\t<div class=\"elementor-column elementor-col-100 elementor-top-column elementor-element elementor-element-927e999\" data-id=\"927e999\" data-element_type=\"column\" data-e-type=\"column\">\n\t\t\t<div class=\"elementor-widget-wrap elementor-element-populated\">\n\t\t\t\t\t\t<div class=\"elementor-element elementor-element-4fa649e2 elementor-widget elementor-widget-heading\" data-id=\"4fa649e2\" data-element_type=\"widget\" data-e-type=\"widget\" data-settings=\"{&quot;_animation&quot;:&quot;none&quot;}\" data-widget_type=\"heading.default\">\n\t\t\t\t<div class=\"elementor-widget-container\">\n\t\t\t\t\t<h1 class=\"elementor-heading-title elementor-size-default\">Test de triglic\u00e9ridos<\/h1>\t\t\t\t<\/div>\n\t\t\t\t<\/div>\n\t\t\t\t\t<\/div>\n\t\t<\/div>\n\t\t\t\t\t<\/div>\n\t\t<\/section>\n\t\t\t\t<section class=\"elementor-section elementor-top-section elementor-element elementor-element-3687c734 elementor-section-stretched elementor-section-full_width elementor-section-height-default elementor-section-height-default\" data-id=\"3687c734\" data-element_type=\"section\" data-e-type=\"section\" data-settings=\"{&quot;stretch_section&quot;:&quot;section-stretched&quot;,&quot;background_background&quot;:&quot;classic&quot;}\">\n\t\t\t\t\t\t\t<div class=\"elementor-background-overlay\"><\/div>\n\t\t\t\t\t\t\t<div class=\"elementor-container elementor-column-gap-default\">\n\t\t\t\t\t<div class=\"elementor-column elementor-col-50 elementor-top-column elementor-element elementor-element-c9772f6\" data-id=\"c9772f6\" data-element_type=\"column\" data-e-type=\"column\">\n\t\t\t<div class=\"elementor-widget-wrap elementor-element-populated\">\n\t\t\t\t\t\t<div class=\"elementor-element elementor-element-5d05df55 elementor-widget elementor-widget-heading\" data-id=\"5d05df55\" data-element_type=\"widget\" data-e-type=\"widget\" data-settings=\"{&quot;_animation&quot;:&quot;none&quot;}\" data-widget_type=\"heading.default\">\n\t\t\t\t<div class=\"elementor-widget-container\">\n\t\t\t\t\t<h2 class=\"elementor-heading-title elementor-size-default\">Prueba de <b>triglic\u00e9ridos<\/b><\/h2>\t\t\t\t<\/div>\n\t\t\t\t<\/div>\n\t\t\t\t<div class=\"elementor-element elementor-element-47b8f22 elementor-widget elementor-widget-breadcrumbs\" data-id=\"47b8f22\" data-element_type=\"widget\" data-e-type=\"widget\" data-widget_type=\"breadcrumbs.default\">\n\t\t\t\t<div class=\"elementor-widget-container\">\n\t\t\t\t\t<p id=\"breadcrumbs\"><span><span><a href=\"https:\/\/farmaciazarcorios.es\/\">Inicio<\/a><\/span><\/span><\/p>\t\t\t\t<\/div>\n\t\t\t\t<\/div>\n\t\t\t\t<div class=\"elementor-element elementor-element-7113c0f3 elementor-widget elementor-widget-text-editor\" data-id=\"7113c0f3\" data-element_type=\"widget\" data-e-type=\"widget\" data-settings=\"{&quot;_animation&quot;:&quot;none&quot;}\" data-widget_type=\"text-editor.default\">\n\t\t\t\t<div class=\"elementor-widget-container\">\n\t\t\t\t\t\t\t\t\t<p>Los <strong>triglic\u00e9ridos son un par\u00e1metro clave para la detecci\u00f3n del riesgo cardiovascular<\/strong>. Una concentraci\u00f3n elevada de triglic\u00e9ridos (hipertrigliceridemia) en sangre aumenta el riesgo de cardiopat\u00eda coronaria, especialmente si existen otros factores de riesgo elevados (diabetes y obesidad).<\/p><p>Hay que tener en cuenta que <strong>existen distintas enfermedades capaces de provocar valores elevados de triglic\u00e9ridos<\/strong> como son: una diabetes mal controlada, cirrosis, s\u00edndrome nefr\u00f3tico, pancreatitis, dietas altas en hidratos de carbono y bajas en prote\u00ednas, hipotiroidismo, etc. Otras enfermedades, en cambio, pueden dar lugar a valores de triglic\u00e9ridos m\u00e1s bajos de lo habitual: desnutrici\u00f3n, s\u00edndrome de malabsorci\u00f3n, dietas pobres en grasas, etc.<\/p><p>Algunos medicamentos tambi\u00e9n pueden producir hipertrigliceridemia como es el caso de algunos anticonceptivos, esteroides y diur\u00e9ticos.<\/p><p>La <strong>detecci\u00f3n de triglic\u00e9ridos en sangre debe realizarse por la ma\u00f1ana tras una noche de ayuno<\/strong> (m\u00e1s de 9horas). De esta forma se da tiempo a la eliminaci\u00f3n de los triglic\u00e9ridos de la comida ingerida y se determina solamente la cantidad de triglic\u00e9ridos que el organismo produce.<\/p>\t\t\t\t\t\t\t\t<\/div>\n\t\t\t\t<\/div>\n\t\t\t\t\t<\/div>\n\t\t<\/div>\n\t\t\t\t<div class=\"elementor-column elementor-col-50 elementor-top-column elementor-element elementor-element-17768c4c\" data-id=\"17768c4c\" data-element_type=\"column\" data-e-type=\"column\">\n\t\t\t<div class=\"elementor-widget-wrap elementor-element-populated\">\n\t\t\t\t\t\t<div class=\"elementor-element elementor-element-1703fdc8 elementor-widget elementor-widget-heading\" data-id=\"1703fdc8\" data-element_type=\"widget\" data-e-type=\"widget\" data-settings=\"{&quot;_animation&quot;:&quot;none&quot;}\" data-widget_type=\"heading.default\">\n\t\t\t\t<div class=\"elementor-widget-container\">\n\t\t\t\t\t<p class=\"elementor-heading-title elementor-size-default\">\u00bfTienes alguna consulta? <b>Escr\u00edbenos<\/b><\/p>\t\t\t\t<\/div>\n\t\t\t\t<\/div>\n\t\t\t\t<div class=\"elementor-element elementor-element-6e58d6e elementor-button-align-start elementor-widget elementor-widget-form\" data-id=\"6e58d6e\" data-element_type=\"widget\" data-e-type=\"widget\" data-settings=\"{&quot;step_next_label&quot;:&quot;Siguiente &quot;,&quot;step_previous_label&quot;:&quot;Anterior&quot;,&quot;button_width_tablet&quot;:&quot;100&quot;,&quot;button_width&quot;:&quot;100&quot;,&quot;step_type&quot;:&quot;number_text&quot;,&quot;step_icon_shape&quot;:&quot;circle&quot;}\" data-widget_type=\"form.default\">\n\t\t\t\t<div class=\"elementor-widget-container\">\n\t\t\t\t\t\t\t<form class=\"elementor-form\" method=\"post\" name=\"Contact Form\" aria-label=\"Contact Form\" novalidate=\"\">\n\t\t\t<input type=\"hidden\" name=\"post_id\" value=\"176\"\/>\n\t\t\t<input type=\"hidden\" name=\"form_id\" value=\"6e58d6e\"\/>\n\t\t\t<input type=\"hidden\" name=\"referer_title\" value=\"Test de triglic\u00e9ridos - Farmacia Zarco R\u00edos\" \/>\n\n\t\t\t\t\t\t\t<input type=\"hidden\" name=\"queried_id\" value=\"176\"\/>\n\t\t\t\n\t\t\t<div class=\"elementor-form-fields-wrapper elementor-labels-\">\n\t\t\t\t\t\t\t\t<div class=\"elementor-field-type-text elementor-field-group elementor-column elementor-field-group-name elementor-col-100\">\n\t\t\t\t\t\t\t\t\t\t\t\t<label for=\"form-field-name\" class=\"elementor-field-label elementor-screen-only\">\n\t\t\t\t\t\t\t\tNombre \t\t\t\t\t\t\t<\/label>\n\t\t\t\t\t\t\t\t\t\t\t\t\t\t<input size=\"1\" type=\"text\" name=\"form_fields[name]\" id=\"form-field-name\" class=\"elementor-field elementor-size-sm  elementor-field-textual\" placeholder=\"Nombre \">\n\t\t\t\t\t\t\t\t\t\t\t<\/div>\n\t\t\t\t\t\t\t\t<div class=\"elementor-field-type-email elementor-field-group elementor-column elementor-field-group-email elementor-col-100 elementor-md-50 elementor-field-required\">\n\t\t\t\t\t\t\t\t\t\t\t\t<label for=\"form-field-email\" class=\"elementor-field-label elementor-screen-only\">\n\t\t\t\t\t\t\t\tEmail\t\t\t\t\t\t\t<\/label>\n\t\t\t\t\t\t\t\t\t\t\t\t\t\t<input size=\"1\" type=\"email\" name=\"form_fields[email]\" id=\"form-field-email\" class=\"elementor-field elementor-size-sm  elementor-field-textual\" placeholder=\"Email\" required=\"required\">\n\t\t\t\t\t\t\t\t\t\t\t<\/div>\n\t\t\t\t\t\t\t\t<div class=\"elementor-field-type-tel elementor-field-group elementor-column elementor-field-group-field_5057311 elementor-col-100 elementor-md-50\">\n\t\t\t\t\t\t\t\t\t\t\t\t<label for=\"form-field-field_5057311\" class=\"elementor-field-label elementor-screen-only\">\n\t\t\t\t\t\t\t\tTel\u00e9fono\t\t\t\t\t\t\t<\/label>\n\t\t\t\t\t\t\t\t<input size=\"1\" type=\"tel\" name=\"form_fields[field_5057311]\" id=\"form-field-field_5057311\" class=\"elementor-field elementor-size-sm  elementor-field-textual\" placeholder=\"Tel\u00e9fono\" pattern=\"[0-9()#&amp;+*-=.]+\" title=\"Solo se aceptan n\u00fameros y caracteres de tel\u00e9fono (#,-,*,etc).\">\n\n\t\t\t\t\t\t<\/div>\n\t\t\t\t\t\t\t\t<div class=\"elementor-field-type-textarea elementor-field-group elementor-column elementor-field-group-field_268804d elementor-col-100 elementor-md-100 elementor-field-required\">\n\t\t\t\t\t\t\t\t\t\t\t\t<label for=\"form-field-field_268804d\" class=\"elementor-field-label elementor-screen-only\">\n\t\t\t\t\t\t\t\tConsulta\t\t\t\t\t\t\t<\/label>\n\t\t\t\t\t\t<textarea class=\"elementor-field-textual elementor-field  elementor-size-sm\" name=\"form_fields[field_268804d]\" id=\"form-field-field_268804d\" rows=\"4\" placeholder=\"Consulta\" required=\"required\"><\/textarea>\t\t\t\t<\/div>\n\t\t\t\t\t\t\t\t<div class=\"elementor-field-type-html elementor-field-group elementor-column elementor-field-group-field_4c7ae83 elementor-col-100\">\n\t\t\t\t\t<FONT SIZE=1>Protecci\u00f3n de datos personales: <\/font>\n<FONT SIZE=1> Utilizaremos sus datos para responder consultas y realizar an\u00e1lisis estad\u00edsticos. Para m\u00e1s informaci\u00f3n sobre el tratamiento y sus derechos, consulte la pol\u00edtica de privacidad.<\/font>\t\t\t\t<\/div>\n\t\t\t\t\t\t\t\t<div class=\"elementor-field-type-acceptance elementor-field-group elementor-column elementor-field-group-field_97d52b4 elementor-col-100 elementor-field-required\">\n\t\t\t\t\t\t\t<div class=\"elementor-field-subgroup\">\n\t\t\t<span class=\"elementor-field-option\">\n\t\t\t\t<input type=\"checkbox\" name=\"form_fields[field_97d52b4]\" id=\"form-field-field_97d52b4\" class=\"elementor-field elementor-size-sm  elementor-acceptance-field\" required=\"required\">\n\t\t\t\t<label for=\"form-field-field_97d52b4\">He le\u00eddo y acepto la <a href=https:\/\/farmaciazarcorios.es\/politica-de-privacidad  style=\"color:#97c21e;\">Pol\u00edtica de privacidad<\/a> <\/label>\t\t\t<\/span>\n\t\t<\/div>\n\t\t\t\t\t\t<\/div>\n\t\t\t\t\t\t\t\t<div class=\"elementor-field-group elementor-column elementor-field-type-submit elementor-col-100 e-form__buttons elementor-md-100\">\n\t\t\t\t\t<button class=\"elementor-button elementor-size-md\" type=\"submit\">\n\t\t\t\t\t\t<span class=\"elementor-button-content-wrapper\">\n\t\t\t\t\t\t\t\t\t\t\t\t\t\t\t\t\t\t\t\t\t\t<span class=\"elementor-button-text\">Enviar<\/span>\n\t\t\t\t\t\t\t\t\t\t\t\t\t<\/span>\n\t\t\t\t\t<\/button>\n\t\t\t\t<\/div>\n\t\t\t<\/div>\n\t\t<\/form>\n\t\t\t\t\t\t<\/div>\n\t\t\t\t<\/div>\n\t\t\t\t\t<\/div>\n\t\t<\/div>\n\t\t\t\t\t<\/div>\n\t\t<\/section>\n\t\t<div class=\"elementor-element elementor-element-5ad41fbb e-flex e-con-boxed e-con e-parent\" data-id=\"5ad41fbb\" data-element_type=\"container\" data-e-type=\"container\" data-settings=\"{&quot;background_background&quot;:&quot;classic&quot;}\">\n\t\t\t\t\t<div class=\"e-con-inner\">\n\t\t<div class=\"elementor-element elementor-element-27425a44 e-con-full e-flex e-con e-child\" data-id=\"27425a44\" data-element_type=\"container\" data-e-type=\"container\">\n\t\t\t\t<div class=\"elementor-element elementor-element-11feb49a elementor-widget elementor-widget-heading\" data-id=\"11feb49a\" data-element_type=\"widget\" data-e-type=\"widget\" data-settings=\"{&quot;_animation&quot;:&quot;none&quot;}\" data-widget_type=\"heading.default\">\n\t\t\t\t<div class=\"elementor-widget-container\">\n\t\t\t\t\t<p class=\"elementor-heading-title elementor-size-default\">Realiza tu pedido c\u00f3modamente<\/p>\t\t\t\t<\/div>\n\t\t\t\t<\/div>\n\t\t\t\t<div class=\"elementor-element elementor-element-418f1d60 elementor-widget elementor-widget-heading\" data-id=\"418f1d60\" data-element_type=\"widget\" data-e-type=\"widget\" data-settings=\"{&quot;_animation&quot;:&quot;none&quot;}\" data-widget_type=\"heading.default\">\n\t\t\t\t<div class=\"elementor-widget-container\">\n\t\t\t\t\t<p class=\"elementor-heading-title elementor-size-default\">sin esperas y sin colas<\/p>\t\t\t\t<\/div>\n\t\t\t\t<\/div>\n\t\t\t\t<div class=\"elementor-element elementor-element-70f6da98 elementor-widget elementor-widget-heading\" data-id=\"70f6da98\" data-element_type=\"widget\" data-e-type=\"widget\" data-settings=\"{&quot;_animation&quot;:&quot;none&quot;}\" data-widget_type=\"heading.default\">\n\t\t\t\t<div class=\"elementor-widget-container\">\n\t\t\t\t\t<p class=\"elementor-heading-title elementor-size-default\">Haz tu pedido de forma sencilla <b>por tel\u00e9fono o a trav\u00e9s de formulario<\/b> y rec\u00f3gelo en nuestra farmacia o te lo enviamos a casa<\/p>\t\t\t\t<\/div>\n\t\t\t\t<\/div>\n\t\t\t\t<\/div>\n\t\t<div class=\"elementor-element elementor-element-1730bc39 e-con-full e-flex e-con e-child\" data-id=\"1730bc39\" data-element_type=\"container\" data-e-type=\"container\">\n\t\t\t\t<div class=\"elementor-element elementor-element-22d1aeee elementor-align-center elementor-widget__width-auto elementor-widget elementor-widget-button\" data-id=\"22d1aeee\" data-element_type=\"widget\" data-e-type=\"widget\" data-widget_type=\"button.default\">\n\t\t\t\t<div class=\"elementor-widget-container\">\n\t\t\t\t\t\t\t\t\t<div class=\"elementor-button-wrapper\">\n\t\t\t\t\t<a class=\"elementor-button elementor-button-link elementor-size-sm\" href=\"https:\/\/farmaciazarcorios.es\/farmacia-expres-granada\">\n\t\t\t\t\t\t<span class=\"elementor-button-content-wrapper\">\n\t\t\t\t\t\t<span class=\"elementor-button-icon\">\n\t\t\t\t\t\t\t<\/span>\n\t\t\t\t\t\t\t\t\t<span class=\"elementor-button-text\">Hacer pedido expr\u00e9s<\/span>\n\t\t\t\t\t<\/span>\n\t\t\t\t\t<\/a>\n\t\t\t\t<\/div>\n\t\t\t\t\t\t\t\t<\/div>\n\t\t\t\t<\/div>\n\t\t\t\t<\/div>\n\t\t\t\t\t<\/div>\n\t\t\t\t<\/div>\n\t\t\t\t<\/div>\n\t\t","protected":false},"excerpt":{"rendered":"<p>Test de triglic\u00e9ridos Prueba de triglic\u00e9ridos Los triglic\u00e9ridos son un par\u00e1metro clave para la detecci\u00f3n del riesgo cardiovascular. Una concentraci\u00f3n elevada de triglic\u00e9ridos (hipertrigliceridemia) en sangre aumenta el riesgo de [&hellip;]<\/p>\n","protected":false},"author":1,"featured_media":0,"parent":0,"menu_order":0,"comment_status":"closed","ping_status":"closed","template":"elementor_header_footer","meta":{"footnotes":""},"class_list":["post-176","page","type-page","status-publish","hentry"],"yoast_head":"<!-- This site is optimized with the Yoast SEO plugin v27.3 - https:\/\/yoast.com\/product\/yoast-seo-wordpress\/ -->\n<title>Test de triglic\u00e9ridos - Farmacia Zarco R\u00edos<\/title>\n<meta name=\"description\" content=\"En nuestra farmacia puedes venir y hacerte un test de triglic\u00e9ridos para as\u00ed prevenir enfermedades cardiovasculares.\" \/>\n<meta name=\"robots\" content=\"index, follow, max-snippet:-1, max-image-preview:large, max-video-preview:-1\" \/>\n<link rel=\"canonical\" href=\"https:\/\/farmaciazarcorios.es\/en\/test-trigliceridos\/\" \/>\n<meta property=\"og:locale\" content=\"en_GB\" \/>\n<meta property=\"og:type\" content=\"article\" \/>\n<meta property=\"og:title\" content=\"Test de triglic\u00e9ridos - Farmacia Zarco R\u00edos\" \/>\n<meta property=\"og:description\" content=\"En nuestra farmacia puedes venir y hacerte un test de triglic\u00e9ridos para as\u00ed prevenir enfermedades cardiovasculares.\" \/>\n<meta property=\"og:url\" content=\"https:\/\/farmaciazarcorios.es\/en\/test-trigliceridos\/\" \/>\n<meta property=\"og:site_name\" content=\"Farmacia Zarco Rios\" \/>\n<meta property=\"article:modified_time\" content=\"2024-09-10T09:10:13+00:00\" \/>\n<meta name=\"twitter:card\" content=\"summary_large_image\" \/>\n<meta name=\"twitter:title\" content=\"Test de triglic\u00e9ridos - Farmacia Zarco R\u00edos\" \/>\n<meta name=\"twitter:description\" content=\"En nuestra farmacia puedes venir y hacerte un test de triglic\u00e9ridos para as\u00ed prevenir enfermedades cardiovasculares.\" \/>\n<meta name=\"twitter:label1\" content=\"Estimated reading time\" \/>\n\t<meta name=\"twitter:data1\" content=\"2 minutes\" \/>\n<script type=\"application\/ld+json\" class=\"yoast-schema-graph\">{\"@context\":\"https:\\\/\\\/schema.org\",\"@graph\":[{\"@type\":\"WebPage\",\"@id\":\"https:\\\/\\\/farmaciazarcorios.es\\\/test-trigliceridos\",\"url\":\"https:\\\/\\\/farmaciazarcorios.es\\\/test-trigliceridos\",\"name\":\"Test de triglic\u00e9ridos - Farmacia Zarco R\u00edos\",\"isPartOf\":{\"@id\":\"https:\\\/\\\/farmaciazarcorios.es\\\/#website\"},\"datePublished\":\"2024-07-22T14:38:45+00:00\",\"dateModified\":\"2024-09-10T09:10:13+00:00\",\"description\":\"En nuestra farmacia puedes venir y hacerte un test de triglic\u00e9ridos para as\u00ed prevenir enfermedades cardiovasculares.\",\"breadcrumb\":{\"@id\":\"https:\\\/\\\/farmaciazarcorios.es\\\/test-trigliceridos#breadcrumb\"},\"inLanguage\":\"en-GB\",\"potentialAction\":[{\"@type\":\"ReadAction\",\"target\":[\"https:\\\/\\\/farmaciazarcorios.es\\\/test-trigliceridos\"]}]},{\"@type\":\"BreadcrumbList\",\"@id\":\"https:\\\/\\\/farmaciazarcorios.es\\\/test-trigliceridos#breadcrumb\",\"itemListElement\":[{\"@type\":\"ListItem\",\"position\":1,\"name\":\"Inicio\",\"item\":\"https:\\\/\\\/farmaciazarcorios.es\\\/\"},{\"@type\":\"ListItem\",\"position\":2,\"name\":\"Test de triglic\u00e9ridos\"}]},{\"@type\":\"WebSite\",\"@id\":\"https:\\\/\\\/farmaciazarcorios.es\\\/#website\",\"url\":\"https:\\\/\\\/farmaciazarcorios.es\\\/\",\"name\":\"Farmacia Zarco Rios\",\"description\":\"Farmacia en el centro de Granada\",\"publisher\":{\"@id\":\"https:\\\/\\\/farmaciazarcorios.es\\\/#organization\"},\"potentialAction\":[{\"@type\":\"SearchAction\",\"target\":{\"@type\":\"EntryPoint\",\"urlTemplate\":\"https:\\\/\\\/farmaciazarcorios.es\\\/?s={search_term_string}\"},\"query-input\":{\"@type\":\"PropertyValueSpecification\",\"valueRequired\":true,\"valueName\":\"search_term_string\"}}],\"inLanguage\":\"en-GB\"},{\"@type\":\"Organization\",\"@id\":\"https:\\\/\\\/farmaciazarcorios.es\\\/#organization\",\"name\":\"Farmacia Zarco Rios\",\"url\":\"https:\\\/\\\/farmaciazarcorios.es\\\/\",\"logo\":{\"@type\":\"ImageObject\",\"inLanguage\":\"en-GB\",\"@id\":\"https:\\\/\\\/farmaciazarcorios.es\\\/#\\\/schema\\\/logo\\\/image\\\/\",\"url\":\"https:\\\/\\\/farmaciazarcorios.es\\\/wp-content\\\/uploads\\\/2024\\\/07\\\/01.-LOGOTIPO-COMPLETO-_fondo-transparente.png\",\"contentUrl\":\"https:\\\/\\\/farmaciazarcorios.es\\\/wp-content\\\/uploads\\\/2024\\\/07\\\/01.-LOGOTIPO-COMPLETO-_fondo-transparente.png\",\"width\":428,\"height\":492,\"caption\":\"Farmacia Zarco Rios\"},\"image\":{\"@id\":\"https:\\\/\\\/farmaciazarcorios.es\\\/#\\\/schema\\\/logo\\\/image\\\/\"}}]}<\/script>\n<!-- \/ Yoast SEO plugin. -->","yoast_head_json":{"title":"Test de triglic\u00e9ridos - Farmacia Zarco R\u00edos","description":"En nuestra farmacia puedes venir y hacerte un test de triglic\u00e9ridos para as\u00ed prevenir enfermedades cardiovasculares.","robots":{"index":"index","follow":"follow","max-snippet":"max-snippet:-1","max-image-preview":"max-image-preview:large","max-video-preview":"max-video-preview:-1"},"canonical":"https:\/\/farmaciazarcorios.es\/en\/test-trigliceridos\/","og_locale":"en_GB","og_type":"article","og_title":"Test de triglic\u00e9ridos - Farmacia Zarco R\u00edos","og_description":"En nuestra farmacia puedes venir y hacerte un test de triglic\u00e9ridos para as\u00ed prevenir enfermedades cardiovasculares.","og_url":"https:\/\/farmaciazarcorios.es\/en\/test-trigliceridos\/","og_site_name":"Farmacia Zarco Rios","article_modified_time":"2024-09-10T09:10:13+00:00","twitter_card":"summary_large_image","twitter_title":"Test de triglic\u00e9ridos - Farmacia Zarco R\u00edos","twitter_description":"En nuestra farmacia puedes venir y hacerte un test de triglic\u00e9ridos para as\u00ed prevenir enfermedades cardiovasculares.","twitter_misc":{"Estimated reading time":"2 minutes"},"schema":{"@context":"https:\/\/schema.org","@graph":[{"@type":"WebPage","@id":"https:\/\/farmaciazarcorios.es\/test-trigliceridos","url":"https:\/\/farmaciazarcorios.es\/test-trigliceridos","name":"Test de triglic\u00e9ridos - Farmacia Zarco R\u00edos","isPartOf":{"@id":"https:\/\/farmaciazarcorios.es\/#website"},"datePublished":"2024-07-22T14:38:45+00:00","dateModified":"2024-09-10T09:10:13+00:00","description":"En nuestra farmacia puedes venir y hacerte un test de triglic\u00e9ridos para as\u00ed prevenir enfermedades cardiovasculares.","breadcrumb":{"@id":"https:\/\/farmaciazarcorios.es\/test-trigliceridos#breadcrumb"},"inLanguage":"en-GB","potentialAction":[{"@type":"ReadAction","target":["https:\/\/farmaciazarcorios.es\/test-trigliceridos"]}]},{"@type":"BreadcrumbList","@id":"https:\/\/farmaciazarcorios.es\/test-trigliceridos#breadcrumb","itemListElement":[{"@type":"ListItem","position":1,"name":"Inicio","item":"https:\/\/farmaciazarcorios.es\/"},{"@type":"ListItem","position":2,"name":"Test de triglic\u00e9ridos"}]},{"@type":"WebSite","@id":"https:\/\/farmaciazarcorios.es\/#website","url":"https:\/\/farmaciazarcorios.es\/","name":"Farmacia Zarco Rios","description":"Farmacia en el centro de Granada","publisher":{"@id":"https:\/\/farmaciazarcorios.es\/#organization"},"potentialAction":[{"@type":"SearchAction","target":{"@type":"EntryPoint","urlTemplate":"https:\/\/farmaciazarcorios.es\/?s={search_term_string}"},"query-input":{"@type":"PropertyValueSpecification","valueRequired":true,"valueName":"search_term_string"}}],"inLanguage":"en-GB"},{"@type":"Organization","@id":"https:\/\/farmaciazarcorios.es\/#organization","name":"Farmacia Zarco Rios","url":"https:\/\/farmaciazarcorios.es\/","logo":{"@type":"ImageObject","inLanguage":"en-GB","@id":"https:\/\/farmaciazarcorios.es\/#\/schema\/logo\/image\/","url":"https:\/\/farmaciazarcorios.es\/wp-content\/uploads\/2024\/07\/01.-LOGOTIPO-COMPLETO-_fondo-transparente.png","contentUrl":"https:\/\/farmaciazarcorios.es\/wp-content\/uploads\/2024\/07\/01.-LOGOTIPO-COMPLETO-_fondo-transparente.png","width":428,"height":492,"caption":"Farmacia Zarco Rios"},"image":{"@id":"https:\/\/farmaciazarcorios.es\/#\/schema\/logo\/image\/"}}]}},"_links":{"self":[{"href":"https:\/\/farmaciazarcorios.es\/en\/wp-json\/wp\/v2\/pages\/176","targetHints":{"allow":["GET"]}}],"collection":[{"href":"https:\/\/farmaciazarcorios.es\/en\/wp-json\/wp\/v2\/pages"}],"about":[{"href":"https:\/\/farmaciazarcorios.es\/en\/wp-json\/wp\/v2\/types\/page"}],"author":[{"embeddable":true,"href":"https:\/\/farmaciazarcorios.es\/en\/wp-json\/wp\/v2\/users\/1"}],"replies":[{"embeddable":true,"href":"https:\/\/farmaciazarcorios.es\/en\/wp-json\/wp\/v2\/comments?post=176"}],"version-history":[{"count":22,"href":"https:\/\/farmaciazarcorios.es\/en\/wp-json\/wp\/v2\/pages\/176\/revisions"}],"predecessor-version":[{"id":1382,"href":"https:\/\/farmaciazarcorios.es\/en\/wp-json\/wp\/v2\/pages\/176\/revisions\/1382"}],"wp:attachment":[{"href":"https:\/\/farmaciazarcorios.es\/en\/wp-json\/wp\/v2\/media?parent=176"}],"curies":[{"name":"wp","href":"https:\/\/api.w.org\/{rel}","templated":true}]}}